{"id":438,"date":"2021-02-26T22:52:31","date_gmt":"2021-02-26T22:52:31","guid":{"rendered":"http:\/\/astropeiler.webandrec.de\/?page_id=438"},"modified":"2024-02-07T22:29:56","modified_gmt":"2024-02-07T21:29:56","slug":"startseite","status":"publish","type":"page","link":"https:\/\/www.astropeiler.de\/en\/","title":{"rendered":"Start Page"},"content":{"rendered":"<section class=\"l-section wpb_row height_small\"><div class=\"l-section-h i-cf\"><div class=\"g-cols vc_row via_flex valign_top type_default stacking_default\"><div class=\"vc_col-sm-4 wpb_column vc_column_container\"><div class=\"vc_column-inner\"><div class=\"wpb_wrapper\"><div class=\"w-image align_none\"><a ref=\"magnificPopup\" href=\"https:\/\/www.astropeiler.de\/wp-content\/uploads\/2021\/04\/25-m_Alternative.jpg\" aria-label=\"25-m_Alternative\" class=\"w-image-h\"><img decoding=\"async\" width=\"683\" height=\"1024\" src=\"https:\/\/www.astropeiler.de\/wp-content\/uploads\/2021\/04\/25-m_Alternative.jpg\" class=\"attachment-full size-full\" alt=\"\" loading=\"lazy\" srcset=\"https:\/\/www.astropeiler.de\/wp-content\/uploads\/2021\/04\/25-m_Alternative.jpg 683w, https:\/\/www.astropeiler.de\/wp-content\/uploads\/2021\/04\/25-m_Alternative-200x300.jpg 200w\" sizes=\"auto, (max-width: 683px) 100vw, 683px\" \/><\/a><\/div><\/div><\/div><\/div><div class=\"vc_col-sm-8 wpb_column vc_column_container\"><div class=\"vc_column-inner\"><div class=\"wpb_wrapper\"><div class=\"wpb_text_column us_custom_432d3f53\"><div class=\"wpb_wrapper\"><p>On the Stockert mountain close to the town of Bad M\u00fcnstereifel you will find the first fully steerable radio telescope of Germany, the \u201cAstropeiler\u201d. Originally built in 1956, it is now equipped with up to date technology and is used for various activities:<\/p>\n<p>Scientific observations are performed within the possibilities of a 25-m class instrument. This is frequently done in cooperation with other institutions or universities.<\/p>\n<p>Students of Physics and Astrophysics can take part in lab courses. Also, observations from the site are used for Master- or Bachelor Theses.<\/p>\n<p>School classes of different age can visit the site and do lab courses.<\/p>\n<p>The site is open to visitors during the designated times. Tours are offered which give insight into radio astronomy and observations can be experienced live.<\/p>\n<p>Browse this site to learn more about our activities<\/p>\n<\/div><\/div><\/div><\/div><\/div><\/div><\/div><\/section><section class=\"l-section wpb_row height_small\"><div class=\"l-section-h i-cf\"><div class=\"g-cols vc_row via_flex valign_top type_default stacking_default\"><div class=\"vc_col-sm-12 wpb_column vc_column_container\"><div class=\"vc_column-inner\"><div class=\"wpb_wrapper\"><div class=\"w-separator size_small with_line width_default thick_1 style_solid color_secondary align_center\"><div class=\"w-separator-h\"><\/div><\/div><div class=\"wpb_text_column\"><div class=\"wpb_wrapper\"><h3>About us<\/h3>\n<\/div><\/div><div class=\"wpb_text_column us_custom_432d3f53\"><div class=\"wpb_wrapper\"><p>The radio astronomy site on the Stockert is completely operated on a voluntary bases by a non-profit organization, the \u201cAstropeiler Stockert e.V.\u201d Members are active to maintain the site, do further development of instrumentation and software and thus enable scientific work with a state-of-the-art instrument. Lab courses are performed by the members and visitors are shown around.<\/p>\n<\/div><\/div><div class=\"g-cols wpb_row via_flex valign_top type_default stacking_default\"><div class=\"vc_col-sm-8 wpb_column vc_column_container\"><div class=\"vc_column-inner\"><div class=\"wpb_wrapper\"><div class=\"wpb_text_column us_custom_432d3f53\"><div class=\"wpb_wrapper\"><p>Since the year 2000, the <a href=\"https:\/\/www.nrw-stiftung.de\/entdecken\/stiftungsinitiativen\/astropeiler-stockert.html\" target=\"_blank\" rel=\"noopener nofollow\" class=\"external external_icon\">Nordrhein-Westfalen-Stiftung<\/a> is owner of the site. This foundation did fund the refurbishment and modernization after the acquisition and continues to support the maintenance of the infrastructure.<\/p>\n<\/div><\/div><\/div><\/div><\/div><div class=\"vc_col-sm-4 wpb_column vc_column_container\"><div class=\"vc_column-inner\"><div class=\"wpb_wrapper\"><div class=\"w-image align_none\"><a target=\"_blank\" rel=\"nofollow\" href=\"https:\/\/www.nrw-stiftung.de\/entdecken\/stiftungsinitiativen\/astropeiler-stockert.html\" aria-label=\"LogoNRW-Stiftung\" class=\"w-image-h external\"><img decoding=\"async\" width=\"329\" height=\"147\" src=\"https:\/\/www.astropeiler.de\/wp-content\/uploads\/2021\/02\/LogoNRW-Stiftung.jpg\" class=\"attachment-full size-full\" alt=\"\" loading=\"lazy\" srcset=\"https:\/\/www.astropeiler.de\/wp-content\/uploads\/2021\/02\/LogoNRW-Stiftung.jpg 329w, https:\/\/www.astropeiler.de\/wp-content\/uploads\/2021\/02\/LogoNRW-Stiftung-300x134.jpg 300w\" sizes=\"auto, (max-width: 329px) 100vw, 329px\" \/><\/a><\/div><\/div><\/div><\/div><\/div><\/div><\/div><\/div><\/div><\/div><\/section><section class=\"l-section wpb_row height_small\"><div class=\"l-section-h i-cf\"><div class=\"g-cols vc_row via_flex valign_top type_default stacking_default\"><div class=\"vc_col-sm-12 wpb_column vc_column_container\"><div class=\"vc_column-inner\"><div class=\"wpb_wrapper\"><div class=\"w-separator size_small with_line width_default thick_1 style_solid color_secondary align_center\"><div class=\"w-separator-h\"><\/div><\/div><div class=\"wpb_text_column\"><div class=\"wpb_wrapper\"><h3>News<\/h3>\n<\/div><\/div><div class=\"w-grid us_grid type_grid layout_450 cols_4 overflow_hidden preload_style_spinner\" id=\"us_grid_1\" style=\"--columns:4;--gap:1.5rem;\" data-filterable=\"true\"><style>@media (max-width:1280px){#us_grid_1{--columns:3!important}}@media (max-width:1024px){#us_grid_1{--columns:2!important}}@media (max-width:600px){#us_grid_1{--columns:1!important}}.layout_450 .w-grid-item-h{}.layout_450 .usg_post_image_1{transition-duration:0.3s;transform-origin:50% 50%;transform:scale(1) translate(0%,0%)}.layout_450 .w-grid-item-h:focus-within .usg_post_image_1,.layout_450 .w-grid-item-h:hover .usg_post_image_1{transform:scale(1.20) translate(0%,0%);opacity:1}.layout_450 .usg_vwrapper_1{position:absolute!important;right:0!important;bottom:0!important;left:0!important;background:linear-gradient(transparent,rgba(30,30,30,0.8))!important;padding:5rem 8% 1.5rem 8%!important}.layout_450 .usg_post_title_1{color:#ffffff!important;font-weight:700!important;font-size:16px!important;margin-bottom:0.3rem!important}.layout_450 .usg_hwrapper_1{color:#fff!important;font-size:0.9rem!important}<\/style><div class=\"w-grid-list\">\t<article class=\"w-grid-item size_1x1 post-2854 post type-post status-publish format-standard has-post-thumbnail hentry category-aktuelles\" data-id=\"2854\">\r\n\t\t<div class=\"w-grid-item-h\">\r\n\t\t\t\t\t\t<div class=\"w-post-elm post_image usg_post_image_1 has_ratio\"><a href=\"https:\/\/www.astropeiler.de\/en\/teleskop-quartett-zeigt-ueberraschende-statistik-kosmischer-blitze\/\" aria-label=\"Telescope quartet reveals surprising statistics of cosmic flashes\"><img loading=\"lazy\" decoding=\"async\" width=\"300\" height=\"168\" src=\"https:\/\/www.astropeiler.de\/wp-content\/uploads\/2023\/01\/telescope_quartett_Danielle_Futselaar_artsource.nl_-300x168.jpg\" class=\"attachment-medium size-medium wp-post-image\" alt=\"\" \/><\/a><div style=\"padding-bottom:100%\"><\/div><\/div><div class=\"w-vwrapper usg_vwrapper_1 align_left valign_bottom\"><h2 class=\"w-post-elm post_title usg_post_title_1 has_text_color entry-title color_link_inherit\"><a href=\"https:\/\/www.astropeiler.de\/en\/teleskop-quartett-zeigt-ueberraschende-statistik-kosmischer-blitze\/\">Telescope quartet reveals surprising statistics of cosmic flashes<\/a><\/h2><div class=\"w-hwrapper usg_hwrapper_1 has_text_color align_left valign_top wrap\"><time class=\"w-post-elm post_date usg_post_date_1 entry-date published\" datetime=\"2024-01-04T12:00:36+01:00\">4.01.24<\/time><\/div><\/div>\t\t<\/div>\r\n\t\t\t<\/article>\r\n\t<article class=\"w-grid-item size_1x1 post-2823 post type-post status-publish format-standard has-post-thumbnail hentry category-aktuelles\" data-id=\"2823\">\r\n\t\t<div class=\"w-grid-item-h\">\r\n\t\t\t\t\t\t<div class=\"w-post-elm post_image usg_post_image_1 has_ratio\"><a href=\"https:\/\/www.astropeiler.de\/en\/jugendfeuerwehr-uebt-den-ernstfall-am-astropeiler\/\" aria-label=\"Jugendfeuerwehr \u00fcbt den Ernstfall am Astropeiler\"><img loading=\"lazy\" decoding=\"async\" width=\"225\" height=\"300\" src=\"https:\/\/www.astropeiler.de\/wp-content\/uploads\/2023\/11\/1_1024-225x300.jpg\" class=\"attachment-medium size-medium wp-post-image\" alt=\"\" \/><\/a><div style=\"padding-bottom:100%\"><\/div><\/div><div class=\"w-vwrapper usg_vwrapper_1 align_left valign_bottom\"><h2 class=\"w-post-elm post_title usg_post_title_1 has_text_color entry-title color_link_inherit\"><a href=\"https:\/\/www.astropeiler.de\/en\/jugendfeuerwehr-uebt-den-ernstfall-am-astropeiler\/\">Jugendfeuerwehr \u00fcbt den Ernstfall am Astropeiler<\/a><\/h2><div class=\"w-hwrapper usg_hwrapper_1 has_text_color align_left valign_top wrap\"><time class=\"w-post-elm post_date usg_post_date_1 entry-date published\" datetime=\"2023-11-05T23:09:49+01:00\">5.11.23<\/time><\/div><\/div>\t\t<\/div>\r\n\t\t\t<\/article>\r\n\t<article class=\"w-grid-item size_1x1 post-2688 post type-post status-publish format-standard has-post-thumbnail hentry category-aktuelles\" data-id=\"2688\">\r\n\t\t<div class=\"w-grid-item-h\">\r\n\t\t\t\t\t\t<div class=\"w-post-elm post_image usg_post_image_1 has_ratio\"><a href=\"https:\/\/www.astropeiler.de\/en\/eucara-2023-16-17-september\/\" aria-label=\"EUCARA 2023 &#8211; 16. + 17. September\"><img loading=\"lazy\" decoding=\"async\" width=\"200\" height=\"200\" src=\"https:\/\/www.astropeiler.de\/wp-content\/uploads\/2023\/05\/astropeiler_news_eucara.png\" class=\"attachment-medium size-medium wp-post-image\" alt=\"\" \/><\/a><div style=\"padding-bottom:100%\"><\/div><\/div><div class=\"w-vwrapper usg_vwrapper_1 align_left valign_bottom\"><h2 class=\"w-post-elm post_title usg_post_title_1 has_text_color entry-title color_link_inherit\"><a href=\"https:\/\/www.astropeiler.de\/en\/eucara-2023-16-17-september\/\">EUCARA 2023 &#8211; 16. + 17. September<\/a><\/h2><div class=\"w-hwrapper usg_hwrapper_1 has_text_color align_left valign_top wrap\"><time class=\"w-post-elm post_date usg_post_date_1 entry-date published\" datetime=\"2023-05-11T17:24:22+02:00\">11.05.23<\/time><\/div><\/div>\t\t<\/div>\r\n\t\t\t<\/article>\r\n\t<article class=\"w-grid-item size_1x1 post-2708 post type-post status-publish format-standard has-post-thumbnail hentry category-aktuelles\" data-id=\"2708\">\r\n\t\t<div class=\"w-grid-item-h\">\r\n\t\t\t\t\t\t<div class=\"w-post-elm post_image usg_post_image_1 has_ratio\"><a href=\"https:\/\/www.astropeiler.de\/en\/beginn-der-sommersaison-mit-fuehrungen-im-astropeiler-stockert\/\" aria-label=\"Beginn der Sommersaison mit F\u00fchrungen im Astropeiler Stockert\"><img loading=\"lazy\" decoding=\"async\" width=\"300\" height=\"300\" src=\"https:\/\/www.astropeiler.de\/wp-content\/uploads\/2023\/05\/20230512_Astropeiler_Pressefoto_web-300x300.jpg\" class=\"attachment-medium size-medium wp-post-image\" alt=\"\" \/><\/a><div style=\"padding-bottom:100%\"><\/div><\/div><div class=\"w-vwrapper usg_vwrapper_1 align_left valign_bottom\"><h2 class=\"w-post-elm post_title usg_post_title_1 has_text_color entry-title color_link_inherit\"><a href=\"https:\/\/www.astropeiler.de\/en\/beginn-der-sommersaison-mit-fuehrungen-im-astropeiler-stockert\/\">Beginn der Sommersaison mit F\u00fchrungen im Astropeiler Stockert<\/a><\/h2><div class=\"w-hwrapper usg_hwrapper_1 has_text_color align_left valign_top wrap\"><time class=\"w-post-elm post_date usg_post_date_1 entry-date published\" datetime=\"2023-05-08T21:59:05+02:00\">8.05.23<\/time><\/div><\/div>\t\t<\/div>\r\n\t\t\t<\/article>\r\n\t<article class=\"w-grid-item size_1x1 post-2023 post type-post status-publish format-standard has-post-thumbnail hentry category-aktuelles\" data-id=\"2023\">\r\n\t\t<div class=\"w-grid-item-h\">\r\n\t\t\t\t\t\t<div class=\"w-post-elm post_image usg_post_image_1 has_ratio\"><a href=\"https:\/\/www.astropeiler.de\/en\/corona-update\/\" aria-label=\"Corona Update\"><img loading=\"lazy\" decoding=\"async\" width=\"200\" height=\"200\" src=\"https:\/\/www.astropeiler.de\/wp-content\/uploads\/2022\/02\/astropeiler_corona.png\" class=\"attachment-medium size-medium wp-post-image\" alt=\"\" \/><\/a><div style=\"padding-bottom:100%\"><\/div><\/div><div class=\"w-vwrapper usg_vwrapper_1 align_left valign_bottom\"><h2 class=\"w-post-elm post_title usg_post_title_1 has_text_color entry-title color_link_inherit\"><a href=\"https:\/\/www.astropeiler.de\/en\/corona-update\/\">Corona Update<\/a><\/h2><div class=\"w-hwrapper usg_hwrapper_1 has_text_color align_left valign_top wrap\"><time class=\"w-post-elm post_date usg_post_date_1 entry-date published\" datetime=\"2023-05-05T00:01:46+02:00\">5.05.23<\/time><\/div><\/div>\t\t<\/div>\r\n\t\t\t<\/article>\r\n\t<article class=\"w-grid-item size_1x1 post-2663 post type-post status-publish format-standard has-post-thumbnail hentry category-aktuelles\" data-id=\"2663\">\r\n\t\t<div class=\"w-grid-item-h\">\r\n\t\t\t\t\t\t<div class=\"w-post-elm post_image usg_post_image_1 has_ratio\"><a href=\"https:\/\/www.astropeiler.de\/en\/neues-teleskop-an-der-universitaet-bonn\/\" aria-label=\"New Telescope at the Bonn University\"><img loading=\"lazy\" decoding=\"async\" width=\"225\" height=\"300\" src=\"https:\/\/www.astropeiler.de\/wp-content\/uploads\/2023\/05\/teleskop_argelander_institut-225x300.jpeg\" class=\"attachment-medium size-medium wp-post-image\" alt=\"\" \/><\/a><div style=\"padding-bottom:100%\"><\/div><\/div><div class=\"w-vwrapper usg_vwrapper_1 align_left valign_bottom\"><h2 class=\"w-post-elm post_title usg_post_title_1 has_text_color entry-title color_link_inherit\"><a href=\"https:\/\/www.astropeiler.de\/en\/neues-teleskop-an-der-universitaet-bonn\/\">New Telescope at the Bonn University<\/a><\/h2><div class=\"w-hwrapper usg_hwrapper_1 has_text_color align_left valign_top wrap\"><time class=\"w-post-elm post_date usg_post_date_1 entry-date published\" datetime=\"2023-05-04T00:01:47+02:00\">4.05.23<\/time><\/div><\/div>\t\t<\/div>\r\n\t\t\t<\/article>\r\n\t<article class=\"w-grid-item size_1x1 post-2579 post type-post status-publish format-standard has-post-thumbnail hentry category-aktuelles\" data-id=\"2579\">\r\n\t\t<div class=\"w-grid-item-h\">\r\n\t\t\t\t\t\t<div class=\"w-post-elm post_image usg_post_image_1 has_ratio\"><a href=\"https:\/\/www.astropeiler.de\/en\/ein-universum-fuer-sich-astropeiler-stockert\/\" aria-label=\"Ein Universum f\u00fcr sich: Astropeiler Stockert\"><img loading=\"lazy\" decoding=\"async\" width=\"300\" height=\"300\" src=\"https:\/\/www.astropeiler.de\/wp-content\/uploads\/2023\/04\/foerderbande_nrw_stiftung-300x300.jpg\" class=\"attachment-medium size-medium wp-post-image\" alt=\"\" \/><\/a><div style=\"padding-bottom:100%\"><\/div><\/div><div class=\"w-vwrapper usg_vwrapper_1 align_left valign_bottom\"><h2 class=\"w-post-elm post_title usg_post_title_1 has_text_color entry-title color_link_inherit\"><a href=\"https:\/\/www.astropeiler.de\/en\/ein-universum-fuer-sich-astropeiler-stockert\/\">Ein Universum f\u00fcr sich: Astropeiler Stockert<\/a><\/h2><div class=\"w-hwrapper usg_hwrapper_1 has_text_color align_left valign_top wrap\"><time class=\"w-post-elm post_date usg_post_date_1 entry-date published\" datetime=\"2023-04-17T22:06:26+02:00\">17.04.23<\/time><\/div><\/div>\t\t<\/div>\r\n\t\t\t<\/article>\r\n\t<article class=\"w-grid-item size_1x1 post-1892 post type-post status-publish format-standard has-post-thumbnail hentry category-aktuelles\" data-id=\"1892\">\r\n\t\t<div class=\"w-grid-item-h\">\r\n\t\t\t\t\t\t<div class=\"w-post-elm post_image usg_post_image_1 has_ratio\"><a href=\"https:\/\/www.astropeiler.de\/en\/verein-astropeiler-stockert-erhaelt-wegweiser-preis-des-foerdervereins-nrw-stiftung\/\" aria-label=\"Verein Astropeiler Stockert erh\u00e4lt WegWeiser-Preis des F\u00f6rdervereins NRW-Stiftung\"><img loading=\"lazy\" decoding=\"async\" width=\"200\" height=\"200\" src=\"https:\/\/www.astropeiler.de\/wp-content\/uploads\/2022\/02\/astropeiler_news.png\" class=\"attachment-medium size-medium wp-post-image\" alt=\"\" \/><\/a><div style=\"padding-bottom:100%\"><\/div><\/div><div class=\"w-vwrapper usg_vwrapper_1 align_left valign_bottom\"><h2 class=\"w-post-elm post_title usg_post_title_1 has_text_color entry-title color_link_inherit\"><a href=\"https:\/\/www.astropeiler.de\/en\/verein-astropeiler-stockert-erhaelt-wegweiser-preis-des-foerdervereins-nrw-stiftung\/\">Verein Astropeiler Stockert erh\u00e4lt WegWeiser-Preis des F\u00f6rdervereins NRW-Stiftung<\/a><\/h2><div class=\"w-hwrapper usg_hwrapper_1 has_text_color align_left valign_top wrap\"><time class=\"w-post-elm post_date usg_post_date_1 entry-date published\" datetime=\"2021-08-28T00:01:22+02:00\">28.08.21<\/time><\/div><\/div>\t\t<\/div>\r\n\t\t\t<\/article>\r\n<\/div>\t<div class=\"w-grid-preloader\">\r\n\t\t<div class=\"g-preloader type_1\">\r\n\t\t\t<div><\/div>\r\n\t\t<\/div>\r\n\t<\/div>\r\n\t\t<div class=\"w-grid-json hidden\" onclick='return {&quot;action&quot;:&quot;us_ajax_grid&quot;,&quot;infinite_scroll&quot;:0,&quot;max_num_pages&quot;:5,&quot;pagination&quot;:&quot;none&quot;,&quot;template_vars&quot;:{&quot;columns&quot;:&quot;4&quot;,&quot;exclude_items&quot;:&quot;none&quot;,&quot;img_size&quot;:&quot;default&quot;,&quot;ignore_items_size&quot;:0,&quot;items_layout&quot;:&quot;450&quot;,&quot;items_offset&quot;:&quot;1&quot;,&quot;load_animation&quot;:&quot;none&quot;,&quot;overriding_link&quot;:&quot;{\\&quot;url\\&quot;:\\&quot;\\&quot;}&quot;,&quot;post_id&quot;:0,&quot;query_args&quot;:{&quot;post_type&quot;:[&quot;post&quot;],&quot;post_status&quot;:[&quot;publish&quot;],&quot;posts_per_page&quot;:&quot;8&quot;},&quot;orderby_query_args&quot;:{&quot;orderby&quot;:{&quot;date&quot;:&quot;DESC&quot;}},&quot;type&quot;:&quot;grid&quot;,&quot;us_grid_post_type&quot;:&quot;post&quot;,&quot;us_grid_ajax_index&quot;:1,&quot;us_grid_filter_query_string&quot;:null,&quot;us_grid_index&quot;:1,&quot;page_args&quot;:[]}}'><\/div>\r\n\t<\/div><div class=\"w-separator size_small\"><\/div><div class=\"w-btn-wrapper align_justify\"><a class=\"w-btn us-btn-style_1\" title=\"Aktuelles\" href=\"http:\/\/astropeiler.de\/startseite\/aktuelles\"><span class=\"w-btn-label\">weitere Beitr\u00e4ge<\/span><\/a><\/div><\/div><\/div><\/div><\/div><\/div><\/section>\n","protected":false},"excerpt":{"rendered":"5 years agoVerein Astropeiler Stockert erh\u00e4lt WegWeiser-Preis des F\u00f6rdervereins NRW-StiftungF\u00fcr sein langj\u00e4hriges ehrenamtliches Engagement erh\u00e4lt der Vorstand des Vereins Astropeiler Stockert e.V. den WegWeiser-Preis des F\u00f6rdervereins NRW-Stiftung. Der Vereinsvorsitzende Michael Breuer \u00fcberreichte am 28. August 2021 auf der j\u00e4hrlichen Mitgliederversammlung in K\u00f6nigswinter gemeinsam mit dem Stiftungspr\u00e4sidenten Eckhard Uhlenberg den Preis an den Vorsitzenden Dr. Wolfgang...","protected":false},"author":1,"featured_media":0,"parent":0,"menu_order":0,"comment_status":"closed","ping_status":"closed","template":"","meta":{"h5ap_radio_sources":[],"footnotes":""},"class_list":["post-438","page","type-page","status-publish","hentry"],"_links":{"self":[{"href":"https:\/\/www.astropeiler.de\/en\/wp-json\/wp\/v2\/pages\/438","targetHints":{"allow":["GET"]}}],"collection":[{"href":"https:\/\/www.astropeiler.de\/en\/wp-json\/wp\/v2\/pages"}],"about":[{"href":"https:\/\/www.astropeiler.de\/en\/wp-json\/wp\/v2\/types\/page"}],"author":[{"embeddable":true,"href":"https:\/\/www.astropeiler.de\/en\/wp-json\/wp\/v2\/users\/1"}],"replies":[{"embeddable":true,"href":"https:\/\/www.astropeiler.de\/en\/wp-json\/wp\/v2\/comments?post=438"}],"version-history":[{"count":106,"href":"https:\/\/www.astropeiler.de\/en\/wp-json\/wp\/v2\/pages\/438\/revisions"}],"predecessor-version":[{"id":2882,"href":"https:\/\/www.astropeiler.de\/en\/wp-json\/wp\/v2\/pages\/438\/revisions\/2882"}],"wp:attachment":[{"href":"https:\/\/www.astropeiler.de\/en\/wp-json\/wp\/v2\/media?parent=438"}],"curies":[{"name":"wp","href":"https:\/\/api.w.org\/{rel}","templated":true}]}}