{"id":260,"date":"2014-12-12T12:39:43","date_gmt":"2014-12-12T11:39:43","guid":{"rendered":"http:\/\/astropeiler.webandrec.de\/besonderheiten-bei-der-messung-von-oriona-m42"},"modified":"2023-01-23T23:58:48","modified_gmt":"2023-01-23T22:58:48","slug":"besonderheiten-bei-der-messung-von-oriona-m42","status":"publish","type":"page","link":"https:\/\/www.astropeiler.de\/en\/sonstige\/besonderheiten-bei-der-messung-von-oriona-m42\/","title":{"rendered":"Besonderheiten bei der Messung von OrionA, M42"},"content":{"rendered":"<section class=\"l-section wpb_row height_custom\"><div class=\"l-section-h i-cf\"><div class=\"g-cols vc_row via_flex valign_top type_default stacking_default\"><div class=\"vc_col-sm-12 wpb_column vc_column_container\"><div class=\"vc_column-inner\"><div class=\"wpb_wrapper\"><div class=\"wpb_text_column us_custom_432d3f53\"><div class=\"wpb_wrapper\"><p>H. G. Thum (DK2KA)<\/p>\n<p>Bei der <a href=\"https:\/\/de.wikipedia.org\/wiki\/Orionnebel\" target=\"_blank\" rel=\"noopener nofollow\" class=\"external external_icon\">Orion<\/a>-Messung vom 23.2.2014 bis 7.3.2014 wurden an 3 Tagen (24.2. bis 26.2.) Signale registriert, die r\u00e4tselhaft sind. F\u00fcr die Orionmessung war die Antenne auf 34,2\u00b0 eingestellt, das ist auch der Bereich wo geostation\u00e4re Satelliten positioniert sind. Die mit dem Interferometer ermittelte Fingerfrequenz entsprach der von astronomischen Objekten. Eine Suche in Sternenkarten war negativ, in dieser Himmelsregion war kein Objekt, das so hohe Messsignale erzeugen k\u00f6nnte. Sollten diese Reflektionen von Satelliten sein?<\/p>\n<p>Optische Astronomen kennen Erscheinungen wie <a href=\"https:\/\/de.wikipedia.org\/wiki\/Iridium-Flare\" target=\"_blank\" rel=\"noopener nofollow\" class=\"external external_icon\">Iridium-Blitze<\/a> und Reflektionen an Satelliten. Ist dies auch auf 10 GHz m\u00f6glich?<\/p>\n<p>Umlaufende Satelliten scheiden aus da sie immer zu anderen Zeiten auftreten. Das Zweite was dagegen spricht ist, dass durch die Eigenbewegung des Satelliten eine ganz andere Fingerfrequenz bei der Messung auftreten muss. Was sein kann, sind geostation\u00e4re Satelliten an denen die Radiostrahlung der Sonne gespiegelt wird. F\u00fcr den Eutelsat wird z.B. eine Radar-Reflektion-Fl\u00e4che von 25 Quadratmeter angegeben. Reicht das aus f\u00fcr eine Reflektion?<\/p>\n<p>Nach meiner Messung handelt es sich um ein Signal das eine St\u00e4rke von 140 <a href=\"https:\/\/de.wikipedia.org\/wiki\/Jansky\" target=\"_blank\" rel=\"noopener nofollow\" class=\"external external_icon\">Jansky<\/a> hat, daf\u00fcr w\u00e4re die Fl\u00e4che zu klein. Aber man kann aber davon ausgehen, dass an einer Satellitenposition mehre Satelliten platziert sind und dann k\u00f6nnte es reichen.<br \/>\n<a ref=\"magnificPopup\" href=\"https:\/\/astropeiler.de\/wp-content\/uploads\/2014\/12\/orion.jpg\"><img loading=\"lazy\" decoding=\"async\" class=\"image-large\" title=\"Zur Vergr\u00f6\u00dferung bitte anklicken!\" src=\"https:\/\/astropeiler.de\/wp-content\/uploads\/2014\/12\/styles_large_public_orion.jpg\" alt=\"Messung Orion\" width=\"480\" height=\"143\" \/><\/a><br \/>\nOrion A\u00a0 Durchgang mit 310 Jansky<br \/>\n<a ref=\"magnificPopup\" href=\"https:\/\/astropeiler.de\/wp-content\/uploads\/2014\/12\/Sat_refl.jpg\"><img loading=\"lazy\" decoding=\"async\" class=\"image-large\" title=\"Zur Vergr\u00f6\u00dferung bitte anklicken!\" src=\"https:\/\/astropeiler.de\/wp-content\/uploads\/2014\/12\/styles_large_public_Sat_refl.jpg\" alt=\"SAT-Reflektion\" width=\"480\" height=\"157\" \/><\/a><br \/>\nDas erste Signal hat eine St\u00e4rke von 140 Jansky\u00a0 und das zweite ca. 60 Jansky.<\/p>\n<p>12\/14<\/p>\n<\/div><\/div><\/div><\/div><\/div><\/div><\/div><\/section>\n","protected":false},"excerpt":{"rendered":"H. G. Thum (DK2KA) Bei der Orion-Messung vom 23.2.2014 bis 7.3.2014 wurden an 3 Tagen (24.2. bis 26.2.) Signale registriert, die r\u00e4tselhaft sind. F\u00fcr die Orionmessung war die Antenne auf 34,2\u00b0 eingestellt, das ist auch der Bereich wo geostation\u00e4re Satelliten positioniert sind. Die mit dem Interferometer ermittelte Fingerfrequenz entsprach der von astronomischen Objekten. Eine Suche...","protected":false},"author":1,"featured_media":256,"parent":891,"menu_order":0,"comment_status":"closed","ping_status":"closed","template":"","meta":{"h5ap_radio_sources":[],"footnotes":""},"class_list":["post-260","page","type-page","status-publish","has-post-thumbnail","hentry"],"_links":{"self":[{"href":"https:\/\/www.astropeiler.de\/en\/wp-json\/wp\/v2\/pages\/260","targetHints":{"allow":["GET"]}}],"collection":[{"href":"https:\/\/www.astropeiler.de\/en\/wp-json\/wp\/v2\/pages"}],"about":[{"href":"https:\/\/www.astropeiler.de\/en\/wp-json\/wp\/v2\/types\/page"}],"author":[{"embeddable":true,"href":"https:\/\/www.astropeiler.de\/en\/wp-json\/wp\/v2\/users\/1"}],"replies":[{"embeddable":true,"href":"https:\/\/www.astropeiler.de\/en\/wp-json\/wp\/v2\/comments?post=260"}],"version-history":[{"count":2,"href":"https:\/\/www.astropeiler.de\/en\/wp-json\/wp\/v2\/pages\/260\/revisions"}],"predecessor-version":[{"id":2477,"href":"https:\/\/www.astropeiler.de\/en\/wp-json\/wp\/v2\/pages\/260\/revisions\/2477"}],"up":[{"embeddable":true,"href":"https:\/\/www.astropeiler.de\/en\/wp-json\/wp\/v2\/pages\/891"}],"wp:featuredmedia":[{"embeddable":true,"href":"https:\/\/www.astropeiler.de\/en\/wp-json\/wp\/v2\/media\/256"}],"wp:attachment":[{"href":"https:\/\/www.astropeiler.de\/en\/wp-json\/wp\/v2\/media?parent=260"}],"curies":[{"name":"wp","href":"https:\/\/api.w.org\/{rel}","templated":true}]}}