{"id":249,"date":"2014-12-09T17:59:00","date_gmt":"2014-12-09T16:59:00","guid":{"rendered":"http:\/\/astropeiler.webandrec.de\/radarforschung"},"modified":"2023-01-24T00:00:19","modified_gmt":"2023-01-23T23:00:19","slug":"radarforschung","status":"publish","type":"page","link":"https:\/\/www.astropeiler.de\/en\/sonstige\/radarforschung\/","title":{"rendered":"Radarforschung"},"content":{"rendered":"<section class=\"l-section wpb_row height_custom\"><div class=\"l-section-h i-cf\"><div class=\"g-cols vc_row via_flex valign_top type_default stacking_default\"><div class=\"vc_col-sm-12 wpb_column vc_column_container\"><div class=\"vc_column-inner\"><div class=\"wpb_wrapper\"><div class=\"wpb_text_column us_custom_432d3f53\"><div class=\"wpb_wrapper\"><div class=\"node\">\n<div class=\"content\">\n<p>Der Astropeiler wurde nicht ohne Grund auf dem <a title=\"Stockert (Berg) Wikipedia\" href=\"https:\/\/de.wikipedia.org\/wiki\/Stockert_(Berg)\" target=\"_blank\" rel=\"noopener nofollow\" class=\"external external_icon\">435 Meter hohen Stockert<\/a>, fast 400 Meter \u00fcber der Ebene n\u00f6rdlich der Eifel, errichtet: Parallel zur Forschungsarbeit im Bereich der Radioastronomie wurde hier auch Grundlagenforschung f\u00fcr milit\u00e4rische <a href=\"https:\/\/de.wikipedia.org\/wiki\/Portal:Radartechnik\" target=\"_blank\" rel=\"noopener nofollow\" class=\"external external_icon\">Radartechnik<\/a> betrieben (daher auch die kombinierte Bezeichnung &#8220;Astro<em>peiler<\/em>&#8220;). Diese Forschung stellte zwei Anforderungen an den Entwurf der Anlage: Die Antenne musste bis zum Horizont herunter kippbar sein, und sie musste sich beliebig oft drehen lassen. Entsprechend ist der Astropeiler als wahrscheinlich einziges Radioteleskop so ausgelegt, dass sich die Antenne bis 2\u00b0 unter den Horizont kippen l\u00e4sst. Die Energie- und Datenleitungen in die Antenne wurden \u00fcber einen <a href=\"https:\/\/de.wikipedia.org\/wiki\/Schleifring\" target=\"_blank\" rel=\"noopener nofollow\" class=\"external external_icon\">Schleifringsatz<\/a> gef\u00fchrt, so dass sie sich im Radarbetrieb beliebig oft drehen lie\u00df, ohne dass sich Kabel verwickelten.<\/p>\n<p>Zu diesen Forschungen ist bisher wenig bekannt. In &#8220;Vier Jahre Radioastronomie an der Universit\u00e4t Bonn&#8221; (in: Leo Brandt (Hrsg.): Arbeitsgemeinschaft f\u00fcr Forschung des Landes Nordrhein-Westfalen, 113. Sitzung. 1962.) schreibt F. Becker:<\/p>\n<blockquote>\n<p>Allerdings war unter den damaligen Umst\u00e4nden das Projekt nur zu realisieren, wenn auch andere Interessen dadurch gef\u00f6rdert wurden, insbesondere die reine Radartechnik. F\u00fcr diesen Zweck ist sp\u00e4ter das Institut f\u00fcr Hochfrequenzphysik in Rolandseck gegr\u00fcndet worden, das Grundlagenforschung auf dem Gebiet der Nachrichten\u00fcbermittlung betreibt. Diesem Institut stand bisher das Radioteleskop auf dem Stockert f\u00fcr einige Monate im Jahr zur Verf\u00fcgung.<\/p>\n<\/blockquote>\n<p>Der genaue Zeitrahmen der milit\u00e4rischen Mit-Nutzung ist nicht bekannt. Spricht Becker in seinem 1962 erschienenen Text schon von &#8220;bisher&#8221; und &#8220;einige[n] Monate[n]&#8221;, geben andere Quellen eine halbj\u00e4hrliche Nutzung von 1957 bis 1967 an.<\/p>\n<p>Man h\u00f6rt und liest auch h\u00e4ufig davon, dass vom Astropeiler aus der Luftkorridor ins damalige West-Berlin \u00fcberwacht wurde. Uns liegen keine Informationen vor, die das best\u00e4tigen k\u00f6nnten. Betrachtet man die damalige Ausstattung und die geographischen Gegebenheiten, scheint eine so weitreichende Radar\u00fcberwachung wenig glaubhaft. Wahrscheinlicher ist es, dass auf dem Stockert im Wesentlichen Grundlagenforschung f\u00fcr milit\u00e4rische Radarsysteme betrieben wurde.<\/p>\n<p>Auf einer <a href=\"https:\/\/www.manfred-bischoff.de\/Stockert.htm\" class=\"external external_icon\" rel=\"nofollow\" target=\"_blank\">Sonderseite zum Stockert<\/a> berichtet Manfred Bischoff \u00fcber fr\u00fche Experimente der amerikanischen Luftwaffe am Stockert und die Rolle, die die Anlage bei der Entwicklung der <a href=\"https:\/\/de.wikipedia.org\/wiki\/Elektronische_Aufkl%C3%A4rung\" target=\"_blank\" rel=\"noopener nofollow\" class=\"external external_icon\">elektronischen Aufkl\u00e4rung<\/a> in Deutschland gespielt hat.<\/p>\n<p>&nbsp;<\/p>\n<\/div>\n<\/div>\n<\/div><\/div><\/div><\/div><\/div><\/div><\/div><\/section>\n","protected":false},"excerpt":{"rendered":"Der Astropeiler wurde nicht ohne Grund auf dem 435 Meter hohen Stockert, fast 400 Meter \u00fcber der Ebene n\u00f6rdlich der Eifel, errichtet: Parallel zur Forschungsarbeit im Bereich der Radioastronomie wurde hier auch Grundlagenforschung f\u00fcr milit\u00e4rische Radartechnik betrieben (daher auch die kombinierte Bezeichnung &#8220;Astropeiler&#8220;). Diese Forschung stellte zwei Anforderungen an den Entwurf der Anlage: Die Antenne...","protected":false},"author":1,"featured_media":0,"parent":891,"menu_order":0,"comment_status":"closed","ping_status":"closed","template":"","meta":{"h5ap_radio_sources":[],"footnotes":""},"class_list":["post-249","page","type-page","status-publish","hentry"],"_links":{"self":[{"href":"https:\/\/www.astropeiler.de\/en\/wp-json\/wp\/v2\/pages\/249","targetHints":{"allow":["GET"]}}],"collection":[{"href":"https:\/\/www.astropeiler.de\/en\/wp-json\/wp\/v2\/pages"}],"about":[{"href":"https:\/\/www.astropeiler.de\/en\/wp-json\/wp\/v2\/types\/page"}],"author":[{"embeddable":true,"href":"https:\/\/www.astropeiler.de\/en\/wp-json\/wp\/v2\/users\/1"}],"replies":[{"embeddable":true,"href":"https:\/\/www.astropeiler.de\/en\/wp-json\/wp\/v2\/comments?post=249"}],"version-history":[{"count":4,"href":"https:\/\/www.astropeiler.de\/en\/wp-json\/wp\/v2\/pages\/249\/revisions"}],"predecessor-version":[{"id":2479,"href":"https:\/\/www.astropeiler.de\/en\/wp-json\/wp\/v2\/pages\/249\/revisions\/2479"}],"up":[{"embeddable":true,"href":"https:\/\/www.astropeiler.de\/en\/wp-json\/wp\/v2\/pages\/891"}],"wp:attachment":[{"href":"https:\/\/www.astropeiler.de\/en\/wp-json\/wp\/v2\/media?parent=249"}],"curies":[{"name":"wp","href":"https:\/\/api.w.org\/{rel}","templated":true}]}}