{"id":227,"date":"2014-12-08T12:28:40","date_gmt":"2014-12-08T11:28:40","guid":{"rendered":"http:\/\/astropeiler.webandrec.de\/ein-weiterer-empfaenger-fuer-den-25-meter-spiegel"},"modified":"2023-01-23T23:57:16","modified_gmt":"2023-01-23T22:57:16","slug":"ein-weiterer-empfaenger-fuer-den-25-meter-spiegel","status":"publish","type":"page","link":"https:\/\/www.astropeiler.de\/en\/sonstige\/ein-weiterer-empfaenger-fuer-den-25-meter-spiegel\/","title":{"rendered":"Ein weiterer Empf\u00e4nger f\u00fcr den 25-Meter-Spiegel"},"content":{"rendered":"<div class=\"node\">\n<div class=\"content\">\n<p>Anfang Mai haben wir nicht nur die Museumssaison 2013 er\u00f6ffnet, sondern auch eine Erweiterung am 25-Meter-Spiegel vorgenommen. Unser Mitglied Horst Thum hat einen kommerziellen 4-GHz-Empf\u00e4nger modifiziert, und wir haben ihn neben dem Empfangshorn unseres bisherigen 1,4-GHz-Empf\u00e4ngers montiert.<\/p>\n<table>\n<tbody>\n<tr>\n<td><img loading=\"lazy\" decoding=\"async\" style=\"border: 1px solid black;\" src=\"https:\/\/astropeiler.de\/wp-content\/uploads\/2014\/12\/4GHz_Besprechung_klein.jpg\" width=\"207\" height=\"150\" \/><\/td>\n<td><img loading=\"lazy\" decoding=\"async\" style=\"border: 1px solid black;\" src=\"https:\/\/astropeiler.de\/wp-content\/uploads\/2014\/12\/4GHz-RX_1_klein.jpg\" width=\"158\" height=\"150\" \/><\/td>\n<td><img loading=\"lazy\" decoding=\"async\" style=\"border: 1px solid black;\" src=\"https:\/\/astropeiler.de\/wp-content\/uploads\/2014\/12\/4GHz-RX_2_klein.jpg\" width=\"200\" height=\"149\" \/><\/td>\n<\/tr>\n<\/tbody>\n<\/table>\n<p>Mit diesem neuen Empf\u00e4nger haben wir gerade f\u00fcr die Pulsarbeobachtung neue M\u00f6glichkeiten, die wir uns in dieser Sommersaison erarbeiten werden.<\/p>\n<p>&nbsp;<\/p>\n<\/div>\n<\/div>\n","protected":false},"excerpt":{"rendered":"<p>Anfang Mai haben wir nicht nur die Museumssaison 2013 er\u00f6ffnet, sondern auch eine Erweiterung am 25-Meter-Spiegel vorgenommen. Unser Mitglied Horst Thum hat einen kommerziellen 4-GHz-Empf\u00e4nger modifiziert, und wir haben ihn neben dem Empfangshorn unseres bisherigen 1,4-GHz-Empf\u00e4ngers montiert. Mit diesem neuen Empf\u00e4nger haben wir gerade f\u00fcr die Pulsarbeobachtung neue M\u00f6glichkeiten, die wir uns in dieser Sommersaison&#8230;<\/p>\n","protected":false},"author":1,"featured_media":224,"parent":891,"menu_order":0,"comment_status":"closed","ping_status":"closed","template":"","meta":{"h5ap_radio_sources":[],"footnotes":""},"class_list":["post-227","page","type-page","status-publish","has-post-thumbnail","hentry"],"_links":{"self":[{"href":"https:\/\/www.astropeiler.de\/en\/wp-json\/wp\/v2\/pages\/227","targetHints":{"allow":["GET"]}}],"collection":[{"href":"https:\/\/www.astropeiler.de\/en\/wp-json\/wp\/v2\/pages"}],"about":[{"href":"https:\/\/www.astropeiler.de\/en\/wp-json\/wp\/v2\/types\/page"}],"author":[{"embeddable":true,"href":"https:\/\/www.astropeiler.de\/en\/wp-json\/wp\/v2\/users\/1"}],"replies":[{"embeddable":true,"href":"https:\/\/www.astropeiler.de\/en\/wp-json\/wp\/v2\/comments?post=227"}],"version-history":[{"count":2,"href":"https:\/\/www.astropeiler.de\/en\/wp-json\/wp\/v2\/pages\/227\/revisions"}],"predecessor-version":[{"id":2475,"href":"https:\/\/www.astropeiler.de\/en\/wp-json\/wp\/v2\/pages\/227\/revisions\/2475"}],"up":[{"embeddable":true,"href":"https:\/\/www.astropeiler.de\/en\/wp-json\/wp\/v2\/pages\/891"}],"wp:featuredmedia":[{"embeddable":true,"href":"https:\/\/www.astropeiler.de\/en\/wp-json\/wp\/v2\/media\/224"}],"wp:attachment":[{"href":"https:\/\/www.astropeiler.de\/en\/wp-json\/wp\/v2\/media?parent=227"}],"curies":[{"name":"wp","href":"https:\/\/api.w.org\/{rel}","templated":true}]}}